{"id":10631,"date":"2026-01-14T15:50:23","date_gmt":"2026-01-14T20:50:23","guid":{"rendered":"https:\/\/casaquintamelgar.com\/?post_type=product&#038;p=10631"},"modified":"2026-01-14T15:54:10","modified_gmt":"2026-01-14T20:54:10","slug":"aceite-de-silicona-100-a-60000-cps","status":"publish","type":"product","link":"https:\/\/casaquintamelgar.com\/en\/product\/aceite-de-silicona-100-a-60000-cps\/","title":{"rendered":"Aceite de silicona 100 a 60000 cps."},"content":{"rendered":"","protected":false},"excerpt":{"rendered":"<p>El antiespumante en polvo a base de silic\u00f3n ofrece un control eficaz de espuma en diversos procesos industriales. Su formato s\u00f3lido facilita el almacenamiento, transporte y dosificaci\u00f3n. Es altamente eficiente, compatible con m\u00faltiples formulaciones y especialmente \u00fatil en la industria qu\u00edmica, petr\u00f3leo y gas, detergentes, pinturas, textiles, cementeras,papel y cart\u00f3n, y procesos con alta formaci\u00f3n de espuma.<\/p>\n<p><a href=\"https:\/\/api.whatsapp.com\/send\/?phone=3202472445&amp;text&amp;type=phone_number&amp;app_absent=0\"><img decoding=\"async\" class=\"alignnone wp-image-2191\" src=\"https:\/\/casaquintamelgar.com\/wp-content\/uploads\/2026\/01\/muestrasincosto.png\" alt=\"\" width=\"270\" height=\"46\" \/><\/a><\/p>","protected":false},"featured_media":10632,"comment_status":"open","ping_status":"closed","template":"","meta":[],"product_brand":[],"product_cat":[31],"product_tag":[],"class_list":{"0":"post-10631","1":"product","2":"type-product","3":"status-publish","4":"has-post-thumbnail","6":"product_cat-productos-importados","8":"first","9":"instock","10":"taxable","11":"shipping-taxable","12":"product-type-simple"},"_links":{"self":[{"href":"https:\/\/casaquintamelgar.com\/en\/wp-json\/wp\/v2\/product\/10631","targetHints":{"allow":["GET"]}}],"collection":[{"href":"https:\/\/casaquintamelgar.com\/en\/wp-json\/wp\/v2\/product"}],"about":[{"href":"https:\/\/casaquintamelgar.com\/en\/wp-json\/wp\/v2\/types\/product"}],"replies":[{"embeddable":true,"href":"https:\/\/casaquintamelgar.com\/en\/wp-json\/wp\/v2\/comments?post=10631"}],"wp:featuredmedia":[{"embeddable":true,"href":"https:\/\/casaquintamelgar.com\/en\/wp-json\/wp\/v2\/media\/10632"}],"wp:attachment":[{"href":"https:\/\/casaquintamelgar.com\/en\/wp-json\/wp\/v2\/media?parent=10631"}],"wp:term":[{"taxonomy":"product_brand","embeddable":true,"href":"https:\/\/casaquintamelgar.com\/en\/wp-json\/wp\/v2\/product_brand?post=10631"},{"taxonomy":"product_cat","embeddable":true,"href":"https:\/\/casaquintamelgar.com\/en\/wp-json\/wp\/v2\/product_cat?post=10631"},{"taxonomy":"product_tag","embeddable":true,"href":"https:\/\/casaquintamelgar.com\/en\/wp-json\/wp\/v2\/product_tag?post=10631"}],"curies":[{"name":"wp","href":"https:\/\/api.w.org\/{rel}","templated":true}]}}