{"id":10639,"date":"2026-01-14T15:59:53","date_gmt":"2026-01-14T20:59:53","guid":{"rendered":"https:\/\/casaquintamelgar.com\/?post_type=product&#038;p=10639"},"modified":"2026-01-14T16:01:04","modified_gmt":"2026-01-14T21:01:04","slug":"aceite-mineral","status":"publish","type":"product","link":"https:\/\/casaquintamelgar.com\/en\/product\/aceite-mineral\/","title":{"rendered":"Aceite mineral"},"content":{"rendered":"","protected":false},"excerpt":{"rendered":"<p>Aceite Mineral USP es un producto altamente refinado, incoloro e inodoro, con gran pureza y estabilidad. Se utiliza en farmac\u00e9utica (ung\u00fcentos, laxantes, vacunas), cosm\u00e9tica (cremas, lociones, cuidado capilar), industria alimentaria (recubrimientos, panader\u00eda, lubricaci\u00f3n de maquinaria) y veterinaria. Aporta lubricidad, seguridad e inocuidad, siendo un insumo vers\u00e1til y confiable.<\/p>\n<p><a href=\"https:\/\/api.whatsapp.com\/send\/?phone=3202472445&amp;text&amp;type=phone_number&amp;app_absent=0\"><img decoding=\"async\" class=\"alignnone wp-image-2191\" src=\"https:\/\/casaquintamelgar.com\/wp-content\/uploads\/2026\/01\/muestrasincosto.png\" alt=\"\" width=\"270\" height=\"46\" \/><\/a><\/p>","protected":false},"featured_media":10650,"comment_status":"open","ping_status":"closed","template":"","meta":[],"product_brand":[],"product_cat":[31],"product_tag":[],"class_list":{"0":"post-10639","1":"product","2":"type-product","3":"status-publish","4":"has-post-thumbnail","6":"product_cat-productos-importados","8":"first","9":"instock","10":"taxable","11":"shipping-taxable","12":"product-type-simple"},"_links":{"self":[{"href":"https:\/\/casaquintamelgar.com\/en\/wp-json\/wp\/v2\/product\/10639","targetHints":{"allow":["GET"]}}],"collection":[{"href":"https:\/\/casaquintamelgar.com\/en\/wp-json\/wp\/v2\/product"}],"about":[{"href":"https:\/\/casaquintamelgar.com\/en\/wp-json\/wp\/v2\/types\/product"}],"replies":[{"embeddable":true,"href":"https:\/\/casaquintamelgar.com\/en\/wp-json\/wp\/v2\/comments?post=10639"}],"wp:featuredmedia":[{"embeddable":true,"href":"https:\/\/casaquintamelgar.com\/en\/wp-json\/wp\/v2\/media\/10650"}],"wp:attachment":[{"href":"https:\/\/casaquintamelgar.com\/en\/wp-json\/wp\/v2\/media?parent=10639"}],"wp:term":[{"taxonomy":"product_brand","embeddable":true,"href":"https:\/\/casaquintamelgar.com\/en\/wp-json\/wp\/v2\/product_brand?post=10639"},{"taxonomy":"product_cat","embeddable":true,"href":"https:\/\/casaquintamelgar.com\/en\/wp-json\/wp\/v2\/product_cat?post=10639"},{"taxonomy":"product_tag","embeddable":true,"href":"https:\/\/casaquintamelgar.com\/en\/wp-json\/wp\/v2\/product_tag?post=10639"}],"curies":[{"name":"wp","href":"https:\/\/api.w.org\/{rel}","templated":true}]}}