{"id":10699,"date":"2026-01-14T16:24:41","date_gmt":"2026-01-14T21:24:41","guid":{"rendered":"https:\/\/casaquintamelgar.com\/?post_type=product&#038;p=10699"},"modified":"2026-01-14T16:25:35","modified_gmt":"2026-01-14T21:25:35","slug":"aceite-de-linaza","status":"publish","type":"product","link":"https:\/\/casaquintamelgar.com\/en\/product\/aceite-de-linaza\/","title":{"rendered":"Aceite de Linaza"},"content":{"rendered":"","protected":false},"excerpt":{"rendered":"<p>El aceite de linaza refinado, rico en omega-3 y lignanos, es ideal para aplicaciones alimentarias, farmac\u00e9uticas, cosm\u00e9ticas y curado de materiales en contacto con alimentos. Ofrece beneficios nutricionales, antioxidantes y terap\u00e9uticos, y act\u00faa como emoliente, excipiente o recubrimiento seguro, cumpliendo altos est\u00e1ndares de pureza y calidad t\u00e9cnica.<\/p>\n<p><a href=\"https:\/\/api.whatsapp.com\/send\/?phone=3202472445&amp;text&amp;type=phone_number&amp;app_absent=0\"><img decoding=\"async\" class=\"alignnone wp-image-2191\" src=\"https:\/\/casaquintamelgar.com\/wp-content\/uploads\/2026\/01\/muestrasincosto.png\" alt=\"\" width=\"270\" height=\"46\" \/><\/a><\/p>","protected":false},"featured_media":10650,"comment_status":"open","ping_status":"closed","template":"","meta":[],"product_brand":[],"product_cat":[31],"product_tag":[],"class_list":{"0":"post-10699","1":"product","2":"type-product","3":"status-publish","4":"has-post-thumbnail","6":"product_cat-productos-importados","8":"first","9":"instock","10":"taxable","11":"shipping-taxable","12":"product-type-simple"},"_links":{"self":[{"href":"https:\/\/casaquintamelgar.com\/en\/wp-json\/wp\/v2\/product\/10699","targetHints":{"allow":["GET"]}}],"collection":[{"href":"https:\/\/casaquintamelgar.com\/en\/wp-json\/wp\/v2\/product"}],"about":[{"href":"https:\/\/casaquintamelgar.com\/en\/wp-json\/wp\/v2\/types\/product"}],"replies":[{"embeddable":true,"href":"https:\/\/casaquintamelgar.com\/en\/wp-json\/wp\/v2\/comments?post=10699"}],"wp:featuredmedia":[{"embeddable":true,"href":"https:\/\/casaquintamelgar.com\/en\/wp-json\/wp\/v2\/media\/10650"}],"wp:attachment":[{"href":"https:\/\/casaquintamelgar.com\/en\/wp-json\/wp\/v2\/media?parent=10699"}],"wp:term":[{"taxonomy":"product_brand","embeddable":true,"href":"https:\/\/casaquintamelgar.com\/en\/wp-json\/wp\/v2\/product_brand?post=10699"},{"taxonomy":"product_cat","embeddable":true,"href":"https:\/\/casaquintamelgar.com\/en\/wp-json\/wp\/v2\/product_cat?post=10699"},{"taxonomy":"product_tag","embeddable":true,"href":"https:\/\/casaquintamelgar.com\/en\/wp-json\/wp\/v2\/product_tag?post=10699"}],"curies":[{"name":"wp","href":"https:\/\/api.w.org\/{rel}","templated":true}]}}