{"id":4761,"date":"2025-12-09T07:58:56","date_gmt":"2025-12-09T12:58:56","guid":{"rendered":"https:\/\/casaquintamelgar.com\/?post_type=product&#038;p=4761"},"modified":"2026-01-09T12:10:48","modified_gmt":"2026-01-09T17:10:48","slug":"antifoamzera-a20","status":"publish","type":"product","link":"https:\/\/casaquintamelgar.com\/en\/product\/antifoamzera-a20\/","title":{"rendered":"Antiespumante Antifoamzera A20"},"content":{"rendered":"","protected":false},"excerpt":{"rendered":"<p>El antiespumante A20, a base de siliconas y emulsionantes no i\u00f3nicos de grado FDA, est\u00e1 dise\u00f1ado para controlar espuma en medios acuosos. Certificado KOSHER, es ideal para procesos alimentarios, ofreciendo alta eficiencia, r\u00e1pida dispersi\u00f3n, seguridad operativa y aplicaciones en destilaciones, l\u00e1cteos, jugos, fermentaciones, confiter\u00eda, grasas, sopas y caldos.<\/p>\n<p><a href=\"https:\/\/api.whatsapp.com\/send\/?phone=3202472445&amp;text&amp;type=phone_number&amp;app_absent=0\"><img decoding=\"async\" class=\"alignnone wp-image-2191\" src=\"https:\/\/casaquintamelgar.com\/wp-content\/uploads\/2026\/01\/muestrasincosto.png\" alt=\"\" width=\"270\" height=\"46\" \/><\/a><\/p>","protected":false},"featured_media":4762,"comment_status":"open","ping_status":"closed","template":"","meta":[],"product_brand":[],"product_cat":[27],"product_tag":[],"class_list":{"0":"post-4761","1":"product","2":"type-product","3":"status-publish","4":"has-post-thumbnail","6":"product_cat-antiespumantes-para-alimentos","8":"first","9":"instock","10":"taxable","11":"shipping-taxable","12":"product-type-simple"},"_links":{"self":[{"href":"https:\/\/casaquintamelgar.com\/en\/wp-json\/wp\/v2\/product\/4761","targetHints":{"allow":["GET"]}}],"collection":[{"href":"https:\/\/casaquintamelgar.com\/en\/wp-json\/wp\/v2\/product"}],"about":[{"href":"https:\/\/casaquintamelgar.com\/en\/wp-json\/wp\/v2\/types\/product"}],"replies":[{"embeddable":true,"href":"https:\/\/casaquintamelgar.com\/en\/wp-json\/wp\/v2\/comments?post=4761"}],"wp:featuredmedia":[{"embeddable":true,"href":"https:\/\/casaquintamelgar.com\/en\/wp-json\/wp\/v2\/media\/4762"}],"wp:attachment":[{"href":"https:\/\/casaquintamelgar.com\/en\/wp-json\/wp\/v2\/media?parent=4761"}],"wp:term":[{"taxonomy":"product_brand","embeddable":true,"href":"https:\/\/casaquintamelgar.com\/en\/wp-json\/wp\/v2\/product_brand?post=4761"},{"taxonomy":"product_cat","embeddable":true,"href":"https:\/\/casaquintamelgar.com\/en\/wp-json\/wp\/v2\/product_cat?post=4761"},{"taxonomy":"product_tag","embeddable":true,"href":"https:\/\/casaquintamelgar.com\/en\/wp-json\/wp\/v2\/product_tag?post=4761"}],"curies":[{"name":"wp","href":"https:\/\/api.w.org\/{rel}","templated":true}]}}