{"id":4766,"date":"2025-12-09T08:12:36","date_gmt":"2025-12-09T13:12:36","guid":{"rendered":"https:\/\/casaquintamelgar.com\/?post_type=product&#038;p=4766"},"modified":"2026-01-09T12:22:25","modified_gmt":"2026-01-09T17:22:25","slug":"antifoamzera-powder","status":"publish","type":"product","link":"https:\/\/casaquintamelgar.com\/en\/product\/antifoamzera-powder\/","title":{"rendered":"Antiespumante Antifoamzera Powder"},"content":{"rendered":"","protected":false},"excerpt":{"rendered":"<p>El antiespumante en polvo a base de silic\u00f3n ofrece un control eficaz de espuma en diversos procesos industriales. Su formato s\u00f3lido facilita el almacenamiento, transporte y dosificaci\u00f3n. Es altamente eficiente, compatible con m\u00faltiples formulaciones y especialmente \u00fatil en la industria qu\u00edmica, petr\u00f3leo y gas, detergentes, pinturas, textiles, cementeras, papel y cart\u00f3n, y procesos con alta formaci\u00f3n de espuma.<\/p>\n<p><a href=\"https:\/\/api.whatsapp.com\/send\/?phone=3202472445&amp;text&amp;type=phone_number&amp;app_absent=0\"><img decoding=\"async\" class=\"alignnone wp-image-2191\" src=\"https:\/\/casaquintamelgar.com\/wp-content\/uploads\/2026\/01\/muestrasincosto.png\" alt=\"\" width=\"270\" height=\"46\" \/><\/a><\/p>","protected":false},"featured_media":10124,"comment_status":"closed","ping_status":"closed","template":"","meta":[],"product_brand":[],"product_cat":[27,28],"product_tag":[],"class_list":{"0":"post-4766","1":"product","2":"type-product","3":"status-publish","4":"has-post-thumbnail","6":"product_cat-antiespumantes-para-alimentos","7":"product_cat-antiespumantes-para-la-industria","9":"first","10":"instock","11":"taxable","12":"shipping-taxable","13":"product-type-simple"},"_links":{"self":[{"href":"https:\/\/casaquintamelgar.com\/en\/wp-json\/wp\/v2\/product\/4766","targetHints":{"allow":["GET"]}}],"collection":[{"href":"https:\/\/casaquintamelgar.com\/en\/wp-json\/wp\/v2\/product"}],"about":[{"href":"https:\/\/casaquintamelgar.com\/en\/wp-json\/wp\/v2\/types\/product"}],"replies":[{"embeddable":true,"href":"https:\/\/casaquintamelgar.com\/en\/wp-json\/wp\/v2\/comments?post=4766"}],"wp:featuredmedia":[{"embeddable":true,"href":"https:\/\/casaquintamelgar.com\/en\/wp-json\/wp\/v2\/media\/10124"}],"wp:attachment":[{"href":"https:\/\/casaquintamelgar.com\/en\/wp-json\/wp\/v2\/media?parent=4766"}],"wp:term":[{"taxonomy":"product_brand","embeddable":true,"href":"https:\/\/casaquintamelgar.com\/en\/wp-json\/wp\/v2\/product_brand?post=4766"},{"taxonomy":"product_cat","embeddable":true,"href":"https:\/\/casaquintamelgar.com\/en\/wp-json\/wp\/v2\/product_cat?post=4766"},{"taxonomy":"product_tag","embeddable":true,"href":"https:\/\/casaquintamelgar.com\/en\/wp-json\/wp\/v2\/product_tag?post=4766"}],"curies":[{"name":"wp","href":"https:\/\/api.w.org\/{rel}","templated":true}]}}