{"id":4772,"date":"2025-12-09T08:29:38","date_gmt":"2025-12-09T13:29:38","guid":{"rendered":"https:\/\/casaquintamelgar.com\/?post_type=product&#038;p=4772"},"modified":"2026-01-09T11:02:28","modified_gmt":"2026-01-09T16:02:28","slug":"antifoamzera-i30","status":"publish","type":"product","link":"https:\/\/casaquintamelgar.com\/en\/product\/antifoamzera-i30\/","title":{"rendered":"Antiespumante Antifoamzera I30"},"content":{"rendered":"<h1>Antiespumante Industrial<\/h1>\n<p>Soluci\u00f3n antiespumante vers\u00e1til, controla espuma en textiles, qu\u00edmicos, papel, tratamiento de aguas y petr\u00f3leo.<\/p>\n<p><strong>Beneficios<\/strong><\/p>\n<ul>\n<li data-start=\"989\" data-end=\"1045\">Alta concentraci\u00f3n de fase activa (27\u201334% de s\u00f3lidos).<\/li>\n<li data-start=\"1049\" data-end=\"1119\">Control inmediato y sostenido de espuma superficial y microburbujas.<\/li>\n<li data-start=\"1123\" data-end=\"1176\">Liberaci\u00f3n eficiente del aire atrapado en l\u00edquidos.<\/li>\n<li data-start=\"1180\" data-end=\"1256\">Viscosidad equilibrada (500\u20132000 cP) que facilita su manejo y estabilidad.<\/li>\n<li data-start=\"1260\" data-end=\"1326\">Compatibilidad con medios acuosos, ligeramente \u00e1cidos o neutros.<\/li>\n<li data-start=\"1330\" data-end=\"1393\">Desempe\u00f1o sobresaliente bajo condiciones de alta turbulencia.<\/li>\n<li data-start=\"1397\" data-end=\"1452\">Dosificaci\u00f3n baja (50\u2013150 ppm) con m\u00e1xima eficiencia.<\/li>\n<li data-start=\"1456\" data-end=\"1519\">Mejora la continuidad operativa y evita p\u00e9rdidas productivas.<\/li>\n<li data-start=\"1523\" data-end=\"1591\">Incrementa la calidad final del producto en procesos industriales.<\/li>\n<li data-start=\"1596\" data-end=\"1699\">Amplio rango de aplicaciones en distintos sectores: qu\u00edmico, textil, papelero, aguas, petr\u00f3leo y gas.<\/li>\n<\/ul>","protected":false},"excerpt":{"rendered":"<p>El Antiespumante I30 es una soluci\u00f3n vers\u00e1til dise\u00f1ada para el control de espuma en diversas industrias. Se aplica en procesos qu\u00edmicos generales, en la industria textil durante el te\u00f1ido y acabado, en la fabricaci\u00f3n de \u00e1cidos, en el lavado industrial y de botellas, en la producci\u00f3n de papel, en el tratamiento de aguas residuales y en operaciones de petr\u00f3leo y gas, donde garantiza continuidad, eficiencia y calidad en cada etapa productiva.<\/p>\n<p><a href=\"https:\/\/api.whatsapp.com\/send\/?phone=3202472445&amp;text&amp;type=phone_number&amp;app_absent=0\"><img decoding=\"async\" class=\"alignnone wp-image-2191\" src=\"https:\/\/casaquintamelgar.com\/wp-content\/uploads\/2026\/01\/muestrasincosto.png\" alt=\"\" width=\"270\" height=\"46\" \/><\/a><\/p>","protected":false},"featured_media":10113,"comment_status":"closed","ping_status":"closed","template":"","meta":[],"product_brand":[],"product_cat":[28],"product_tag":[],"class_list":{"0":"post-4772","1":"product","2":"type-product","3":"status-publish","4":"has-post-thumbnail","6":"product_cat-antiespumantes-para-la-industria","8":"first","9":"instock","10":"taxable","11":"shipping-taxable","12":"product-type-simple"},"_links":{"self":[{"href":"https:\/\/casaquintamelgar.com\/en\/wp-json\/wp\/v2\/product\/4772","targetHints":{"allow":["GET"]}}],"collection":[{"href":"https:\/\/casaquintamelgar.com\/en\/wp-json\/wp\/v2\/product"}],"about":[{"href":"https:\/\/casaquintamelgar.com\/en\/wp-json\/wp\/v2\/types\/product"}],"replies":[{"embeddable":true,"href":"https:\/\/casaquintamelgar.com\/en\/wp-json\/wp\/v2\/comments?post=4772"}],"wp:featuredmedia":[{"embeddable":true,"href":"https:\/\/casaquintamelgar.com\/en\/wp-json\/wp\/v2\/media\/10113"}],"wp:attachment":[{"href":"https:\/\/casaquintamelgar.com\/en\/wp-json\/wp\/v2\/media?parent=4772"}],"wp:term":[{"taxonomy":"product_brand","embeddable":true,"href":"https:\/\/casaquintamelgar.com\/en\/wp-json\/wp\/v2\/product_brand?post=4772"},{"taxonomy":"product_cat","embeddable":true,"href":"https:\/\/casaquintamelgar.com\/en\/wp-json\/wp\/v2\/product_cat?post=4772"},{"taxonomy":"product_tag","embeddable":true,"href":"https:\/\/casaquintamelgar.com\/en\/wp-json\/wp\/v2\/product_tag?post=4772"}],"curies":[{"name":"wp","href":"https:\/\/api.w.org\/{rel}","templated":true}]}}