{"id":4774,"date":"2025-12-09T08:31:56","date_gmt":"2025-12-09T13:31:56","guid":{"rendered":"https:\/\/casaquintamelgar.com\/?post_type=product&#038;p=4774"},"modified":"2026-01-09T11:26:12","modified_gmt":"2026-01-09T16:26:12","slug":"antifoamzera-no-siliconado","status":"publish","type":"product","link":"https:\/\/casaquintamelgar.com\/en\/product\/antifoamzera-no-siliconado\/","title":{"rendered":"Antifoamzera no Siliconado"},"content":{"rendered":"","protected":false},"excerpt":{"rendered":"<p>Este antiespumante a base de aceites alif\u00e1ticos ofrece alto rendimiento en control y eliminaci\u00f3n de espumas en procesos industriales. Act\u00faa r\u00e1pida y eficazmente, previniendo su formaci\u00f3n y liberando aire atrapado. Compatible con amplio rango de pH, estable por un a\u00f1o, garantiza eficiencia, continuidad operativa y calidad en m\u00faltiples aplicaciones industriales.<\/p>\n<p><a href=\"https:\/\/api.whatsapp.com\/send\/?phone=3202472445&amp;text&amp;type=phone_number&amp;app_absent=0\"><img decoding=\"async\" class=\"alignnone wp-image-2191\" src=\"https:\/\/casaquintamelgar.com\/wp-content\/uploads\/2026\/01\/muestrasincosto.png\" alt=\"\" width=\"270\" height=\"46\" \/><\/a><\/p>","protected":false},"featured_media":10112,"comment_status":"open","ping_status":"closed","template":"","meta":[],"product_brand":[],"product_cat":[28],"product_tag":[],"class_list":{"0":"post-4774","1":"product","2":"type-product","3":"status-publish","4":"has-post-thumbnail","6":"product_cat-antiespumantes-para-la-industria","8":"first","9":"instock","10":"taxable","11":"shipping-taxable","12":"product-type-simple"},"_links":{"self":[{"href":"https:\/\/casaquintamelgar.com\/en\/wp-json\/wp\/v2\/product\/4774","targetHints":{"allow":["GET"]}}],"collection":[{"href":"https:\/\/casaquintamelgar.com\/en\/wp-json\/wp\/v2\/product"}],"about":[{"href":"https:\/\/casaquintamelgar.com\/en\/wp-json\/wp\/v2\/types\/product"}],"replies":[{"embeddable":true,"href":"https:\/\/casaquintamelgar.com\/en\/wp-json\/wp\/v2\/comments?post=4774"}],"wp:featuredmedia":[{"embeddable":true,"href":"https:\/\/casaquintamelgar.com\/en\/wp-json\/wp\/v2\/media\/10112"}],"wp:attachment":[{"href":"https:\/\/casaquintamelgar.com\/en\/wp-json\/wp\/v2\/media?parent=4774"}],"wp:term":[{"taxonomy":"product_brand","embeddable":true,"href":"https:\/\/casaquintamelgar.com\/en\/wp-json\/wp\/v2\/product_brand?post=4774"},{"taxonomy":"product_cat","embeddable":true,"href":"https:\/\/casaquintamelgar.com\/en\/wp-json\/wp\/v2\/product_cat?post=4774"},{"taxonomy":"product_tag","embeddable":true,"href":"https:\/\/casaquintamelgar.com\/en\/wp-json\/wp\/v2\/product_tag?post=4774"}],"curies":[{"name":"wp","href":"https:\/\/api.w.org\/{rel}","templated":true}]}}