{"id":4780,"date":"2025-12-09T08:43:53","date_gmt":"2025-12-09T13:43:53","guid":{"rendered":"https:\/\/casaquintamelgar.com\/?post_type=product&#038;p=4780"},"modified":"2026-01-09T13:34:13","modified_gmt":"2026-01-09T18:34:13","slug":"zeracar-ind","status":"publish","type":"product","link":"https:\/\/casaquintamelgar.com\/en\/product\/zeracar-ind\/","title":{"rendered":"Cera de carnauba Zeracar IND"},"content":{"rendered":"","protected":false},"excerpt":{"rendered":"<p>Zeracar es una emulsi\u00f3n de cera de carnauba que forma pel\u00edculas brillantes, resistentes al rayado y la abrasi\u00f3n. Ideal para proteger y pulir pl\u00e1sticos, cueros y superficies recubiertas. Aplicable con pa\u00f1o o herramienta mec\u00e1nica, ofrece acabado uniforme, alto brillo y durabilidad. Apta tambi\u00e9n para usos alimentarios controlados.<\/p>","protected":false},"featured_media":4781,"comment_status":"open","ping_status":"closed","template":"","meta":[],"product_brand":[],"product_cat":[29],"product_tag":[],"class_list":{"0":"post-4780","1":"product","2":"type-product","3":"status-publish","4":"has-post-thumbnail","6":"product_cat-emulsiones-de-silicona","8":"first","9":"instock","10":"taxable","11":"shipping-taxable","12":"product-type-simple"},"_links":{"self":[{"href":"https:\/\/casaquintamelgar.com\/en\/wp-json\/wp\/v2\/product\/4780","targetHints":{"allow":["GET"]}}],"collection":[{"href":"https:\/\/casaquintamelgar.com\/en\/wp-json\/wp\/v2\/product"}],"about":[{"href":"https:\/\/casaquintamelgar.com\/en\/wp-json\/wp\/v2\/types\/product"}],"replies":[{"embeddable":true,"href":"https:\/\/casaquintamelgar.com\/en\/wp-json\/wp\/v2\/comments?post=4780"}],"wp:featuredmedia":[{"embeddable":true,"href":"https:\/\/casaquintamelgar.com\/en\/wp-json\/wp\/v2\/media\/4781"}],"wp:attachment":[{"href":"https:\/\/casaquintamelgar.com\/en\/wp-json\/wp\/v2\/media?parent=4780"}],"wp:term":[{"taxonomy":"product_brand","embeddable":true,"href":"https:\/\/casaquintamelgar.com\/en\/wp-json\/wp\/v2\/product_brand?post=4780"},{"taxonomy":"product_cat","embeddable":true,"href":"https:\/\/casaquintamelgar.com\/en\/wp-json\/wp\/v2\/product_cat?post=4780"},{"taxonomy":"product_tag","embeddable":true,"href":"https:\/\/casaquintamelgar.com\/en\/wp-json\/wp\/v2\/product_tag?post=4780"}],"curies":[{"name":"wp","href":"https:\/\/api.w.org\/{rel}","templated":true}]}}