{"id":4782,"date":"2025-12-09T08:46:10","date_gmt":"2025-12-09T13:46:10","guid":{"rendered":"https:\/\/casaquintamelgar.com\/?post_type=product&#038;p=4782"},"modified":"2026-01-13T17:36:15","modified_gmt":"2026-01-13T22:36:15","slug":"zeracar-dry","status":"publish","type":"product","link":"https:\/\/casaquintamelgar.com\/en\/product\/zeracar-dry\/","title":{"rendered":"Zeracar Dry"},"content":{"rendered":"","protected":false},"excerpt":{"rendered":"<p>El Zeracar-Dry es una soluci\u00f3n polinizadora para l\u00e1minas que proporciona alto brillo, repelencia al agua y menor acumulaci\u00f3n de polvo. Facilita el mantenimiento mediante repulido r\u00e1pido sin da\u00f1ar el material. Ideal para l\u00e1minas met\u00e1licas, laminadas, acr\u00edlicas o policarbonato, garantiza superficies protegidas, limpias y est\u00e9ticamente impecables en diversas aplicaciones.<\/p>","protected":false},"featured_media":10496,"comment_status":"open","ping_status":"closed","template":"","meta":[],"product_brand":[],"product_cat":[29],"product_tag":[],"class_list":{"0":"post-4782","1":"product","2":"type-product","3":"status-publish","4":"has-post-thumbnail","6":"product_cat-emulsiones-de-silicona","8":"first","9":"instock","10":"taxable","11":"shipping-taxable","12":"product-type-simple"},"_links":{"self":[{"href":"https:\/\/casaquintamelgar.com\/en\/wp-json\/wp\/v2\/product\/4782","targetHints":{"allow":["GET"]}}],"collection":[{"href":"https:\/\/casaquintamelgar.com\/en\/wp-json\/wp\/v2\/product"}],"about":[{"href":"https:\/\/casaquintamelgar.com\/en\/wp-json\/wp\/v2\/types\/product"}],"replies":[{"embeddable":true,"href":"https:\/\/casaquintamelgar.com\/en\/wp-json\/wp\/v2\/comments?post=4782"}],"wp:featuredmedia":[{"embeddable":true,"href":"https:\/\/casaquintamelgar.com\/en\/wp-json\/wp\/v2\/media\/10496"}],"wp:attachment":[{"href":"https:\/\/casaquintamelgar.com\/en\/wp-json\/wp\/v2\/media?parent=4782"}],"wp:term":[{"taxonomy":"product_brand","embeddable":true,"href":"https:\/\/casaquintamelgar.com\/en\/wp-json\/wp\/v2\/product_brand?post=4782"},{"taxonomy":"product_cat","embeddable":true,"href":"https:\/\/casaquintamelgar.com\/en\/wp-json\/wp\/v2\/product_cat?post=4782"},{"taxonomy":"product_tag","embeddable":true,"href":"https:\/\/casaquintamelgar.com\/en\/wp-json\/wp\/v2\/product_tag?post=4782"}],"curies":[{"name":"wp","href":"https:\/\/api.w.org\/{rel}","templated":true}]}}