{"id":4784,"date":"2025-12-09T08:55:26","date_gmt":"2025-12-09T13:55:26","guid":{"rendered":"https:\/\/casaquintamelgar.com\/?post_type=product&#038;p=4784"},"modified":"2026-01-14T08:54:49","modified_gmt":"2026-01-14T13:54:49","slug":"emulzera","status":"publish","type":"product","link":"https:\/\/casaquintamelgar.com\/en\/product\/emulzera\/","title":{"rendered":"Emulzera"},"content":{"rendered":"","protected":false},"excerpt":{"rendered":"<p>Es un aceite de silicona compuesto de siloxanos que ofrece lubricaci\u00f3n, impermeabilidad, brillo, y protecci\u00f3n. Empleado tanto en la industria automotriz, como en el desmoldeo industrial, procesos de limpieza, actividades de cuidado y mantenimiento de textiles y cuero. Prolonga la vida \u00fatil de piezas, facilita procesos de fabricaci\u00f3n y protege superficies contra factores ambientales, fricci\u00f3n y desgaste.<\/p>","protected":false},"featured_media":10111,"comment_status":"open","ping_status":"closed","template":"","meta":[],"product_brand":[],"product_cat":[29],"product_tag":[],"class_list":{"0":"post-4784","1":"product","2":"type-product","3":"status-publish","4":"has-post-thumbnail","6":"product_cat-emulsiones-de-silicona","8":"first","9":"instock","10":"taxable","11":"shipping-taxable","12":"product-type-simple"},"_links":{"self":[{"href":"https:\/\/casaquintamelgar.com\/en\/wp-json\/wp\/v2\/product\/4784","targetHints":{"allow":["GET"]}}],"collection":[{"href":"https:\/\/casaquintamelgar.com\/en\/wp-json\/wp\/v2\/product"}],"about":[{"href":"https:\/\/casaquintamelgar.com\/en\/wp-json\/wp\/v2\/types\/product"}],"replies":[{"embeddable":true,"href":"https:\/\/casaquintamelgar.com\/en\/wp-json\/wp\/v2\/comments?post=4784"}],"wp:featuredmedia":[{"embeddable":true,"href":"https:\/\/casaquintamelgar.com\/en\/wp-json\/wp\/v2\/media\/10111"}],"wp:attachment":[{"href":"https:\/\/casaquintamelgar.com\/en\/wp-json\/wp\/v2\/media?parent=4784"}],"wp:term":[{"taxonomy":"product_brand","embeddable":true,"href":"https:\/\/casaquintamelgar.com\/en\/wp-json\/wp\/v2\/product_brand?post=4784"},{"taxonomy":"product_cat","embeddable":true,"href":"https:\/\/casaquintamelgar.com\/en\/wp-json\/wp\/v2\/product_cat?post=4784"},{"taxonomy":"product_tag","embeddable":true,"href":"https:\/\/casaquintamelgar.com\/en\/wp-json\/wp\/v2\/product_tag?post=4784"}],"curies":[{"name":"wp","href":"https:\/\/api.w.org\/{rel}","templated":true}]}}