{"id":4789,"date":"2025-12-09T09:02:09","date_gmt":"2025-12-09T14:02:09","guid":{"rendered":"https:\/\/casaquintamelgar.com\/?post_type=product&#038;p=4789"},"modified":"2026-01-14T10:15:00","modified_gmt":"2026-01-14T15:15:00","slug":"zerabio-p","status":"publish","type":"product","link":"https:\/\/casaquintamelgar.com\/en\/product\/zerabio-p\/","title":{"rendered":"Desengrasante Zerabio-P"},"content":{"rendered":"","protected":false},"excerpt":{"rendered":"<p>El Zerabio es un limpiador y desengrasante biodegradable, seguro y de alta eficacia, dise\u00f1ado para sectores industriales, automotrices, mar\u00edtimos, de saneamiento y mantenimiento. Elimina grasas, aceites, hidrocarburos y suciedad incrustada sin da\u00f1ar superficies, controlando olores y reduciendo impacto ambiental. Su versatilidad asegura eficiencia en limpieza, restauraci\u00f3n y prolongaci\u00f3n de equipos.<\/p>","protected":false},"featured_media":4790,"comment_status":"open","ping_status":"closed","template":"","meta":[],"product_brand":[],"product_cat":[30],"product_tag":[],"class_list":{"0":"post-4789","1":"product","2":"type-product","3":"status-publish","4":"has-post-thumbnail","6":"product_cat-limpieza-industrial","8":"first","9":"instock","10":"taxable","11":"shipping-taxable","12":"product-type-simple"},"_links":{"self":[{"href":"https:\/\/casaquintamelgar.com\/en\/wp-json\/wp\/v2\/product\/4789","targetHints":{"allow":["GET"]}}],"collection":[{"href":"https:\/\/casaquintamelgar.com\/en\/wp-json\/wp\/v2\/product"}],"about":[{"href":"https:\/\/casaquintamelgar.com\/en\/wp-json\/wp\/v2\/types\/product"}],"replies":[{"embeddable":true,"href":"https:\/\/casaquintamelgar.com\/en\/wp-json\/wp\/v2\/comments?post=4789"}],"wp:featuredmedia":[{"embeddable":true,"href":"https:\/\/casaquintamelgar.com\/en\/wp-json\/wp\/v2\/media\/4790"}],"wp:attachment":[{"href":"https:\/\/casaquintamelgar.com\/en\/wp-json\/wp\/v2\/media?parent=4789"}],"wp:term":[{"taxonomy":"product_brand","embeddable":true,"href":"https:\/\/casaquintamelgar.com\/en\/wp-json\/wp\/v2\/product_brand?post=4789"},{"taxonomy":"product_cat","embeddable":true,"href":"https:\/\/casaquintamelgar.com\/en\/wp-json\/wp\/v2\/product_cat?post=4789"},{"taxonomy":"product_tag","embeddable":true,"href":"https:\/\/casaquintamelgar.com\/en\/wp-json\/wp\/v2\/product_tag?post=4789"}],"curies":[{"name":"wp","href":"https:\/\/api.w.org\/{rel}","templated":true}]}}