{"id":4791,"date":"2025-12-09T09:21:26","date_gmt":"2025-12-09T14:21:26","guid":{"rendered":"https:\/\/casaquintamelgar.com\/?post_type=product&#038;p=4791"},"modified":"2026-01-14T10:54:55","modified_gmt":"2026-01-14T15:54:55","slug":"zeraponcar","status":"publish","type":"product","link":"https:\/\/casaquintamelgar.com\/en\/product\/zeraponcar\/","title":{"rendered":"Shampoo para Carros Zeraponcar"},"content":{"rendered":"","protected":false},"excerpt":{"rendered":"<p>Zeraponcar es un shampoo l\u00edquido con base de cera que limpia profundamente la carrocer\u00eda, eliminando suciedad, grasa y contaminantes. Protege la pintura creando una capa repelente al agua, realza el color y aporta brillo duradero. Funciona en agua dura, medios \u00e1cidos o b\u00e1sicos, garantizando limpieza y protecci\u00f3n profesional.<\/p>","protected":false},"featured_media":4793,"comment_status":"open","ping_status":"closed","template":"","meta":[],"product_brand":[],"product_cat":[30],"product_tag":[],"class_list":{"0":"post-4791","1":"product","2":"type-product","3":"status-publish","4":"has-post-thumbnail","6":"product_cat-limpieza-industrial","8":"first","9":"instock","10":"taxable","11":"shipping-taxable","12":"product-type-simple"},"_links":{"self":[{"href":"https:\/\/casaquintamelgar.com\/en\/wp-json\/wp\/v2\/product\/4791","targetHints":{"allow":["GET"]}}],"collection":[{"href":"https:\/\/casaquintamelgar.com\/en\/wp-json\/wp\/v2\/product"}],"about":[{"href":"https:\/\/casaquintamelgar.com\/en\/wp-json\/wp\/v2\/types\/product"}],"replies":[{"embeddable":true,"href":"https:\/\/casaquintamelgar.com\/en\/wp-json\/wp\/v2\/comments?post=4791"}],"wp:featuredmedia":[{"embeddable":true,"href":"https:\/\/casaquintamelgar.com\/en\/wp-json\/wp\/v2\/media\/4793"}],"wp:attachment":[{"href":"https:\/\/casaquintamelgar.com\/en\/wp-json\/wp\/v2\/media?parent=4791"}],"wp:term":[{"taxonomy":"product_brand","embeddable":true,"href":"https:\/\/casaquintamelgar.com\/en\/wp-json\/wp\/v2\/product_brand?post=4791"},{"taxonomy":"product_cat","embeddable":true,"href":"https:\/\/casaquintamelgar.com\/en\/wp-json\/wp\/v2\/product_cat?post=4791"},{"taxonomy":"product_tag","embeddable":true,"href":"https:\/\/casaquintamelgar.com\/en\/wp-json\/wp\/v2\/product_tag?post=4791"}],"curies":[{"name":"wp","href":"https:\/\/api.w.org\/{rel}","templated":true}]}}