{"id":4794,"date":"2025-12-09T09:25:29","date_gmt":"2025-12-09T14:25:29","guid":{"rendered":"https:\/\/casaquintamelgar.com\/?post_type=product&#038;p=4794"},"modified":"2026-01-14T11:00:24","modified_gmt":"2026-01-14T16:00:24","slug":"zeramad-r84","status":"publish","type":"product","link":"https:\/\/casaquintamelgar.com\/en\/product\/zeramad-r84\/","title":{"rendered":"Zeramad R84"},"content":{"rendered":"","protected":false},"excerpt":{"rendered":"<p>El limpiador industrial de maderas melam\u00ednicas Zeramad R84 ofrece limpieza profunda y segura en superficies recubiertas, eliminando polvo, residuos y contaminantes sin da\u00f1ar materiales ni cantos sensibles. Su formulaci\u00f3n de baja emisi\u00f3n protege al operario y al entorno. Ideal para industrias de muebles, construcci\u00f3n, decoraci\u00f3n y mantenimiento profesional, optimizando productividad y calidad.<\/p>\n<p><a href=\"https:\/\/api.whatsapp.com\/send\/?phone=3202472445&amp;text&amp;type=phone_number&amp;app_absent=0\"><img decoding=\"async\" class=\"alignnone wp-image-2191\" src=\"https:\/\/casaquintamelgar.com\/wp-content\/uploads\/2026\/01\/muestrasincosto.png\" alt=\"\" width=\"270\" height=\"46\" \/><\/a><\/p>","protected":false},"featured_media":4795,"comment_status":"open","ping_status":"closed","template":"","meta":[],"product_brand":[],"product_cat":[30],"product_tag":[],"class_list":{"0":"post-4794","1":"product","2":"type-product","3":"status-publish","4":"has-post-thumbnail","6":"product_cat-limpieza-industrial","8":"first","9":"instock","10":"taxable","11":"shipping-taxable","12":"product-type-simple"},"_links":{"self":[{"href":"https:\/\/casaquintamelgar.com\/en\/wp-json\/wp\/v2\/product\/4794","targetHints":{"allow":["GET"]}}],"collection":[{"href":"https:\/\/casaquintamelgar.com\/en\/wp-json\/wp\/v2\/product"}],"about":[{"href":"https:\/\/casaquintamelgar.com\/en\/wp-json\/wp\/v2\/types\/product"}],"replies":[{"embeddable":true,"href":"https:\/\/casaquintamelgar.com\/en\/wp-json\/wp\/v2\/comments?post=4794"}],"wp:featuredmedia":[{"embeddable":true,"href":"https:\/\/casaquintamelgar.com\/en\/wp-json\/wp\/v2\/media\/4795"}],"wp:attachment":[{"href":"https:\/\/casaquintamelgar.com\/en\/wp-json\/wp\/v2\/media?parent=4794"}],"wp:term":[{"taxonomy":"product_brand","embeddable":true,"href":"https:\/\/casaquintamelgar.com\/en\/wp-json\/wp\/v2\/product_brand?post=4794"},{"taxonomy":"product_cat","embeddable":true,"href":"https:\/\/casaquintamelgar.com\/en\/wp-json\/wp\/v2\/product_cat?post=4794"},{"taxonomy":"product_tag","embeddable":true,"href":"https:\/\/casaquintamelgar.com\/en\/wp-json\/wp\/v2\/product_tag?post=4794"}],"curies":[{"name":"wp","href":"https:\/\/api.w.org\/{rel}","templated":true}]}}