{"id":4805,"date":"2025-12-09T09:39:17","date_gmt":"2025-12-09T14:39:17","guid":{"rendered":"https:\/\/casaquintamelgar.com\/?post_type=product&#038;p=4805"},"modified":"2026-01-16T12:32:49","modified_gmt":"2026-01-16T17:32:49","slug":"zerabreak-p","status":"publish","type":"product","link":"https:\/\/casaquintamelgar.com\/en\/product\/zerabreak-p\/","title":{"rendered":"Zerabreak-P"},"content":{"rendered":"<h1>Limpiador Industrial<\/h1>\n<p>La soluci\u00f3n base para la elaboraci\u00f3n de\u00a0<strong>desengrasantes es una f\u00f3rmula vers\u00e1til y biodegradable,<\/strong>\u00a0dise\u00f1ada espec\u00edficamente para eliminar grasa, aceite y suciedad en m\u00faltiples entornos y aplicaciones.<\/p>\n<p><strong>Beneficios:<\/strong><\/p>\n<ul>\n<li data-start=\"765\" data-end=\"821\">F\u00f3rmula biodegradable y segura para el medio ambiente.<\/li>\n<li data-start=\"825\" data-end=\"882\">Baja toxicidad, segura para uso dom\u00e9stico e industrial.<\/li>\n<li data-start=\"886\" data-end=\"942\">Alta eficacia en disolver y emulsionar grasa y aceite.<\/li>\n<li data-start=\"946\" data-end=\"1007\">Compatible con metales, pl\u00e1sticos y componentes el\u00e9ctricos.<\/li>\n<li data-start=\"1011\" data-end=\"1057\">No genera corrosi\u00f3n ni oxidaci\u00f3n en equipos.<\/li>\n<li data-start=\"1061\" data-end=\"1110\">Aumenta la vida \u00fatil de maquinaria y veh\u00edculos.<\/li>\n<li data-start=\"1114\" data-end=\"1183\">Vers\u00e1til: aplicable en m\u00faltiples sectores industriales y agr\u00edcolas.<\/li>\n<li data-start=\"1187\" data-end=\"1237\">Mejora la eficacia y dispersi\u00f3n de agroqu\u00edmicos.<\/li>\n<li data-start=\"1241\" data-end=\"1298\">Reduce la necesidad de productos agresivos de limpieza.<\/li>\n<li data-start=\"1303\" data-end=\"1353\">Contribuye a procesos m\u00e1s seguros y sostenibles.<\/li>\n<\/ul>","protected":false},"excerpt":{"rendered":"<p><strong>Soluci\u00f3n biodegradable y vers\u00e1til para formular desengrasantes industriales,<\/strong>\u00a0dom\u00e9sticos, automotrices y agr\u00edcolas. Esta soluci\u00f3n disuelve grasa y suciedad sin causar corrosi\u00f3n. Ideal para maquinaria, veh\u00edculos, superficies del hogar y aplicaciones agroqu\u00edmicas. Mejora el rendimiento de equipos y la eficacia de productos agr\u00edcolas, es segura para metal, pl\u00e1stico y terminales el\u00e9ctricas.<\/p>","protected":false},"featured_media":4807,"comment_status":"open","ping_status":"closed","template":"","meta":[],"product_brand":[],"product_cat":[20],"product_tag":[],"class_list":{"0":"post-4805","1":"product","2":"type-product","3":"status-publish","4":"has-post-thumbnail","6":"product_cat-sin-categorizar","8":"first","9":"instock","10":"taxable","11":"shipping-taxable","12":"product-type-simple"},"_links":{"self":[{"href":"https:\/\/casaquintamelgar.com\/en\/wp-json\/wp\/v2\/product\/4805","targetHints":{"allow":["GET"]}}],"collection":[{"href":"https:\/\/casaquintamelgar.com\/en\/wp-json\/wp\/v2\/product"}],"about":[{"href":"https:\/\/casaquintamelgar.com\/en\/wp-json\/wp\/v2\/types\/product"}],"replies":[{"embeddable":true,"href":"https:\/\/casaquintamelgar.com\/en\/wp-json\/wp\/v2\/comments?post=4805"}],"wp:featuredmedia":[{"embeddable":true,"href":"https:\/\/casaquintamelgar.com\/en\/wp-json\/wp\/v2\/media\/4807"}],"wp:attachment":[{"href":"https:\/\/casaquintamelgar.com\/en\/wp-json\/wp\/v2\/media?parent=4805"}],"wp:term":[{"taxonomy":"product_brand","embeddable":true,"href":"https:\/\/casaquintamelgar.com\/en\/wp-json\/wp\/v2\/product_brand?post=4805"},{"taxonomy":"product_cat","embeddable":true,"href":"https:\/\/casaquintamelgar.com\/en\/wp-json\/wp\/v2\/product_cat?post=4805"},{"taxonomy":"product_tag","embeddable":true,"href":"https:\/\/casaquintamelgar.com\/en\/wp-json\/wp\/v2\/product_tag?post=4805"}],"curies":[{"name":"wp","href":"https:\/\/api.w.org\/{rel}","templated":true}]}}